{"id":23,"date":"2016-01-26T00:53:35","date_gmt":"2016-01-26T00:53:35","guid":{"rendered":"http:\/\/thomaskroeger.net\/?page_id=23"},"modified":"2025-03-19T15:41:01","modified_gmt":"2025-03-19T15:41:01","slug":"profile","status":"publish","type":"page","link":"https:\/\/thomaskroeger.net\/de\/profile\/","title":{"rendered":"Profil"},"content":{"rendered":"<div class=\"\">Thomas Kr\u00f6ger gr\u00fcndete sein B\u00fcro 2001 in Berlin im Anschluss an die Mitarbeit bei Norman Foster, London und Max Dudler, Berlin.<\/div>\n<div class=\"\">Seither arbeiten er und sein Team mit Bauherren im In- und Ausland. Die Projekte umfassen Privath\u00e4user, Kunstgalerien, Museumsbauten sowie B\u00fcro-\/Wohn- und Schulh\u00e4user. Er ist Mitglied im BDA.<\/div>\n<div class=\"\">\n<div class=\"\">Thomas Kr\u00f6ger unterrichtete von 2011 bis 2013 als Gastprofessor am Department of Architecture der Northeastern University of Boston im Rahmen des Berliner Studienprogramms. Anschlie\u00dfend hatte er eine Gastprofessur an der Hochschule f\u00fcr Technik in Stuttgart inne. Seit 2019 ist er Professor f\u00fcr Baukunst an der Kunstakademie D\u00fcsseldorf.<\/div>\n<\/div>\n","protected":false},"excerpt":{"rendered":"<p>Thomas Kr\u00f6ger gr\u00fcndete sein B\u00fcro 2001 in Berlin im Anschluss an die Mitarbeit bei Norman Foster, London und Max Dudler, Berlin. Seither arbeiten er und sein Team mit Bauherren im In- und Ausland. Die Projekte umfassen Privath\u00e4user, Kunstgalerien, Museumsbauten sowie B\u00fcro-\/Wohn- und Schulh\u00e4user. Er ist Mitglied im BDA. Thomas Kr\u00f6ger unterrichtete von 2011 bis 2013 [&hellip;]<\/p>\n","protected":false},"author":1,"featured_media":2582,"parent":0,"menu_order":0,"comment_status":"closed","ping_status":"closed","template":"","meta":[],"translation":{"provider":"WPGlobus","version":"3.0.0","language":"de","enabled_languages":["en","de"],"languages":{"en":{"title":true,"content":true,"excerpt":false},"de":{"title":true,"content":true,"excerpt":false}}},"acf":[],"_links":{"self":[{"href":"https:\/\/thomaskroeger.net\/de\/wp-json\/wp\/v2\/pages\/23"}],"collection":[{"href":"https:\/\/thomaskroeger.net\/de\/wp-json\/wp\/v2\/pages"}],"about":[{"href":"https:\/\/thomaskroeger.net\/de\/wp-json\/wp\/v2\/types\/page"}],"author":[{"embeddable":true,"href":"https:\/\/thomaskroeger.net\/de\/wp-json\/wp\/v2\/users\/1"}],"replies":[{"embeddable":true,"href":"https:\/\/thomaskroeger.net\/de\/wp-json\/wp\/v2\/comments?post=23"}],"version-history":[{"count":98,"href":"https:\/\/thomaskroeger.net\/de\/wp-json\/wp\/v2\/pages\/23\/revisions"}],"predecessor-version":[{"id":5948,"href":"https:\/\/thomaskroeger.net\/de\/wp-json\/wp\/v2\/pages\/23\/revisions\/5948"}],"wp:featuredmedia":[{"embeddable":true,"href":"https:\/\/thomaskroeger.net\/de\/wp-json\/wp\/v2\/media\/2582"}],"wp:attachment":[{"href":"https:\/\/thomaskroeger.net\/de\/wp-json\/wp\/v2\/media?parent=23"}],"curies":[{"name":"wp","href":"https:\/\/api.w.org\/{rel}","templated":true}]}}