{"id":3779,"date":"2018-07-30T13:55:31","date_gmt":"2018-07-30T13:55:31","guid":{"rendered":"http:\/\/thomaskroeger.net\/?page_id=3779"},"modified":"2018-07-31T06:09:31","modified_gmt":"2018-07-31T06:09:31","slug":"privacy-policy","status":"publish","type":"page","link":"https:\/\/thomaskroeger.net\/de\/privacy-policy\/","title":{"rendered":"DATENSCHUTZERKL\u00c4RUNG"},"content":{"rendered":"<p>Der Schutz Ihrer personenbezogenen Daten (im Folgenden kurz \u201eDaten\u201c) ist uns ein gro\u00dfes und sehr wichtiges Anliegen. Nachfolgend m\u00f6chten wir Sie daher dar\u00fcber informieren, welche Daten bei uns erhoben und wie diese von uns im Folgenden verarbeitet oder genutzt werden.<\/p>\n<p>&nbsp;<\/p>\n<p>Verantwortlicher nach Art. 4 DSGVO und zugleich Diensteanbieter im Sinne des Telemediengesetzes (TMG) ist:<br \/>\nThomas Kr\u00f6ger Architekten GmbH<br \/>\nGesch\u00e4ftsf\u00fchrer: Thomas Kr\u00f6ger<br \/>\nSch\u00f6neberger Ufer 59, 10785 Berlin<br \/>\nTelefon: +49 30 25 797 88 0<br \/>\nE-Mail: mail@thomaskroeger.net<\/p>\n<p>&nbsp;<\/p>\n<p>Alle personenbezogenen Daten, die wir von Ihnen erheben, werden wir nur zu dem angegebenen Zweck erheben, verarbeiten und nutzen. Dabei beachten wir, dass dies nur im Rahmen der jeweils geltenden Rechtsvorschriften geschieht.<\/p>\n<p>&nbsp;<\/p>\n<p>F\u00fcr die informatorische Nutzung unseres Internetauftritts ist es grunds\u00e4tzlich nicht erforderlich, dass Sie personenbezogene Daten angeben.<br \/>\nVielmehr erheben und verwenden wir in diesem Fall nur diejenigen Ihrer Daten, die uns Ihr Internetbrowser automatisch \u00fcbermittelt, wie etwa: Datum und Uhrzeit des Abrufs einer unserer Internetseiten, Ihren Browsertyp, die Browser-Einstellungen, das verwendete Betriebssystem, die von Ihnen zuletzt besuchte Seite, die \u00fcbertragene Datenmenge und der Zugriffsstatus (Datei \u00fcbertragen, Datei nicht gefunden etc.) sowie Ihre IP-Adresse.<\/p>\n<p>&nbsp;<\/p>\n<p>Diese Daten erheben und verwenden wir ausschlie\u00dflich in nicht- personenbezogener Form. Dies erfolgt, um die Nutzung der von Ihnen abgerufenen Internetseiten \u00fcberhaupt zu erm\u00f6glichen, zu statistischen Zwecken sowie zur Verbesserung unseres Internetangebots. Die IP-Adresse speichern wir nur f\u00fcr die Dauer Ihres Besuchs, eine personenbezogene Auswertung findet nicht statt. Eine Zusammenf\u00fchrung dieser Daten mit anderen Datenquellen wird nicht vorgenommen, die Daten werden zudem nach einer statistischen Auswertung gel\u00f6scht.<\/p>\n<p>Wir bieten Ihnen auf unserer Seite die M\u00f6glichkeit, mit uns per E-Mail in Verbindung zu treten. Die Datenverarbeitung zum Zwecke der Kontaktaufnahme mit uns erfolgt nach Art. 6 Abs. 1 S. 1 lit. a DSGVO auf Grundlage Ihrer freiwillig erteilten Einwilligung.<\/p>\n<p>&nbsp;<\/p>\n<p>Die Weitergabe Ihrer Daten an andere Dritte erfolgt nur, wenn dies gesetzlich erlaubt ist, f\u00fcr die Abwicklung von Vertragsverh\u00e4ltnissen mit Ihnen erforderlich ist, oder wir Ihre explizite Einwilligung daf\u00fcr erhalten haben.<\/p>\n<p>&nbsp;<\/p>\n<p>Wir weisen Sie darauf hin, dass Sie eine uns ggf. erteilte datenschutzrechtliche Einwilligung jederzeit widerrufen k\u00f6nnen. Soweit gesetzliche Anforderungen zur Erhebung von Daten bestehen (z.B. Architektenliste), besteht kein Widerrufsrecht.<\/p>\n<p>&nbsp;<\/p>\n<p>Wir speichern personenbezogene Daten jeweils nur so lange, bis der Zweck der Datenspeicherung entf\u00e4llt, so lange keine gesetzlichen Aufbewahrungsfristen oder Verj\u00e4hrungsfristen von m\u00f6glicherweise der Rechtsverfolgung dienlichen Daten der L\u00f6schung entgegenstehen.<\/p>\n<p>Nach der EU-Datenschutzgrundverordnung haben Sie jederzeit ein Recht auf unentgeltliche Auskunft \u00fcber Ihre gespeicherten Daten sowie ggf. ein Recht auf Berichtigung, Sperrung oder L\u00f6schung dieser Daten, sollte diesem Anspruch keine gesetzliche Aufbewahrungspflicht entgegenstehen.<\/p>\n<p>&nbsp;<\/p>\n<p>Sie k\u00f6nnen gem\u00e4\u00df Art. 21 DSGVO in den dort genannten F\u00e4llen Widerspruch gegen die Verarbeitung Ihrer Daten erheben. Bitte wenden Sie sich an mail@thomaskroeger.net oder senden Sie uns Ihr Verlangen per Post.<br \/>\nSie haben das Recht zur Beschwerde bei der zust\u00e4ndigen Aufsichtsbeh\u00f6rde f\u00fcr den Datenschutz.<\/p>\n<p>&nbsp;<\/p>\n<p>Wir verwenden WORDFENCE um WordPress vor Angriffen zu Sch\u00fctzen. Dabei k\u00f6nnen Cookies gesetzt werden. Es kann unter umst\u00e4nden auch die IP Adresse an Wordfence \u00fcbertragen werden. Nur wenn der Zugriff als Angriff erkannt wird, wird die IP-Adresse gespeichert. Diese Verarbeitung erfolgt Aufgrund von berechtigtem Interesse gem\u00e4\u00df Artikel 6 DSGVO.<\/p>\n","protected":false},"excerpt":{"rendered":"<p>Der Schutz Ihrer personenbezogenen Daten (im Folgenden kurz \u201eDaten\u201c) ist uns ein gro\u00dfes und sehr wichtiges Anliegen. Nachfolgend m\u00f6chten wir Sie daher dar\u00fcber informieren, welche Daten bei uns erhoben und wie diese von uns im Folgenden verarbeitet oder genutzt werden. &nbsp; Verantwortlicher nach Art. 4 DSGVO und zugleich Diensteanbieter im Sinne des Telemediengesetzes (TMG) ist: [&hellip;]<\/p>\n","protected":false},"author":1,"featured_media":0,"parent":0,"menu_order":0,"comment_status":"closed","ping_status":"closed","template":"","meta":[],"translation":{"provider":"WPGlobus","version":"3.0.0","language":"de","enabled_languages":["en","de"],"languages":{"en":{"title":true,"content":true,"excerpt":false},"de":{"title":false,"content":false,"excerpt":false}}},"acf":[],"_links":{"self":[{"href":"https:\/\/thomaskroeger.net\/de\/wp-json\/wp\/v2\/pages\/3779"}],"collection":[{"href":"https:\/\/thomaskroeger.net\/de\/wp-json\/wp\/v2\/pages"}],"about":[{"href":"https:\/\/thomaskroeger.net\/de\/wp-json\/wp\/v2\/types\/page"}],"author":[{"embeddable":true,"href":"https:\/\/thomaskroeger.net\/de\/wp-json\/wp\/v2\/users\/1"}],"replies":[{"embeddable":true,"href":"https:\/\/thomaskroeger.net\/de\/wp-json\/wp\/v2\/comments?post=3779"}],"version-history":[{"count":7,"href":"https:\/\/thomaskroeger.net\/de\/wp-json\/wp\/v2\/pages\/3779\/revisions"}],"predecessor-version":[{"id":3794,"href":"https:\/\/thomaskroeger.net\/de\/wp-json\/wp\/v2\/pages\/3779\/revisions\/3794"}],"wp:attachment":[{"href":"https:\/\/thomaskroeger.net\/de\/wp-json\/wp\/v2\/media?parent=3779"}],"curies":[{"name":"wp","href":"https:\/\/api.w.org\/{rel}","templated":true}]}}